{"id":77,"date":"2022-05-04T10:53:15","date_gmt":"2022-05-04T10:53:15","guid":{"rendered":"https:\/\/lucaspropertieshull.co.uk\/?page_id=77"},"modified":"2022-05-24T17:57:02","modified_gmt":"2022-05-24T17:57:02","slug":"estate-agents-hull","status":"publish","type":"page","link":"https:\/\/lucaspropertieshull.co.uk\/ro\/estate-agents-hull\/","title":{"rendered":"Proprietarii"},"content":{"rendered":"<!--themify_builder_content-->\n<div id=\"themify_builder_content-77\" data-postid=\"77\" class=\"themify_builder_content themify_builder_content-77 themify_builder tf_clear\">\n                    <div  data-css_id=\"t8c517\" data-lazy=\"1\" class=\"module_row themify_builder_row fullwidth_row_container tb_t8c517 tb_first tf_w\">\n                        <div class=\"row_inner col_auto_height gutter-none direction_rtl col_align_bottom tb_col_count_1 tf_box tf_rel\">\n                        <div  data-lazy=\"1\" class=\"module_column tb-column col-full tb_a7aw17 first\">\n                            <div  data-lazy=\"1\" class=\"module_subrow themify_builder_sub_row tf_w gutter-none col_align_middle tb_col_count_2 tb_8jy117\">\n                <div  data-lazy=\"1\" class=\"module_column sub_column col4-2 tb_vx0u18 first\">\n                    <!-- module image -->\n<div  class=\"module module-image tb_8g7w18 image-center drop-shadow  tf_mw\" data-lazy=\"1\" data-lax-translate-y=\"(vh*0.7) 0,(vh*0) -70\" data-lax=\"true\">\n        <div class=\"image-wrap tf_rel tf_mw\">\n            <img loading=\"lazy\" decoding=\"async\" src=\"https:\/\/lucaspropertieshull.co.uk\/wp-content\/uploads\/2022\/05\/LProp-1024x431-600x800.webp\" width=\"600\" height=\"800\" class=\"wp-post-image wp-image-63\" alt=\"Estate agents Hull\">    \n        <\/div>\n    <!-- \/image-wrap -->\n    \n        <\/div>\n<!-- \/module image -->        <\/div>\n                    <div  data-lazy=\"1\" class=\"module_column sub_column col4-2 tb_ctdx19 last\">\n                    <!-- module text -->\n<div  class=\"module module-text tb_clmw19  repeat\" data-lazy=\"1\">\n        <div  class=\"tb_text_wrap\">\n        <h2>Propunere de gestionare a propriet\u0103\u021bii (agen\u021bi imobiliari Hull)<\/h2>\n<p>Suntem o companie bine stabilit\u0103 de administrare a propriet\u0103\u021bii cu sediul \u00een Hull, East Yorkshire, unde am aflat c\u0103 de\u021bine\u021bi o proprietate.<\/p>\n<p>Oper\u0103m pe aceast\u0103 pia\u021b\u0103 de mai bine de 10 ani, ceea ce ne ofer\u0103 o mare \u00eencredere \u0219i m\u00e2ndrie c\u0103 o cunoa\u0219tem \u00een profunzime.<\/p>\n<p>Gestion\u0103m cu succes peste 400 de propriet\u0103\u021bi pentru proprietari cu portofoliu de la 1 p\u00e2n\u0103 la 100+ propriet\u0103\u021bi.<\/p>\n<p>V\u0103 putem oferi o gam\u0103 larg\u0103 de servicii de la aprovizionarea chiria\u0219ilor (f\u0103r\u0103 tax\u0103 de aprovizionare) p\u00e2n\u0103 la gestionarea complet\u0103 a propriet\u0103\u021bii pe baz\u0103 de \u201eChirie garantat\u0103\u201d. Noi percepem un tarif fix de 10% la chiria colectat\u0103, f\u0103r\u0103 alte taxe ascunse.<\/p>\n<p>Dac\u0103 sunte\u021bi interesat s\u0103 afla\u021bi mai multe despre cum v\u0103 putem permite s\u0103 v\u0103 bucura\u021bi de profiturile afacerii dvs. de \u00eenchiriere \u00een timp ce v\u0103 lu\u0103m problemele de pe umeri, v\u0103 rug\u0103m s\u0103 nu ezita\u021bi s\u0103 ne contacta\u021bi la <a href=\"tel:01482588888\">01482588888<\/a> sau Lukasz personal pe <a href=\"tel:07521211698\">07521211698<\/a>, <a href=\"mailto:lukaszrybus@gmail.com\">lukaszrybus@gmail.com<\/a> sau <a href=\"mailto:lucasproperties@gmail.com\">lucasproperties@gmail.com<\/a>\u00a0<\/p>\n<p><a href=\"https:\/\/lucaspropertieshull.co.uk\/ro\/contact\/\"><strong>Formular de contact aici &gt;&gt;&gt;<\/strong><\/a>\u00a0<\/p>\n<p style=\"text-align: center;\">Agenti imobiliari Hull | Inchiriere casa | Apartamente de inchiriat<\/p>    <\/div>\n<\/div>\n<!-- \/module text -->        <\/div>\n                    <\/div>\n                <\/div>\n                        <\/div>\n        <\/div>\n        <\/div>\n<!--\/themify_builder_content-->","protected":false},"excerpt":{"rendered":"<p>Property Management Proposal (Estate agents Hull) We are a well-established property management company based in Hull, East Yorkshire where we found out you own a property. We operate on this market for more than 10 years which gives us a great confidence and pride that we know it in depth. We manage successfully more than [&hellip;]<\/p>\n","protected":false},"author":1,"featured_media":0,"parent":0,"menu_order":0,"comment_status":"closed","ping_status":"closed","template":"","meta":{"footnotes":""},"class_list":["post-77","page","type-page","status-publish","hentry","has-post-title","has-post-date","has-post-category","has-post-tag","has-post-comment","has-post-author",""],"builder_content":"<img src=\"https:\/\/lucaspropertieshull.co.uk\/wp-content\/uploads\/2022\/05\/LProp-1024x431-600x800.webp\" width=\"600\" height=\"800\" alt=\"Estate agents Hull\">\n<h2>Property Management Proposal (Estate agents Hull)<\/h2> <p>We are a well-established property management company based in Hull, East Yorkshire where we found out you own a property.<\/p> <p>We operate on this market for more than 10 years which gives us a great confidence and pride that we know it in depth.<\/p> <p>We manage successfully more than 400 properties for landlords with portfolio of 1 to 100+ properties.<\/p> <p>We can offer you a wide range of services from sourcing tenants (no sourcing fee) to full property management on a \"Rent Guaranteed\" basis. We charge a flat rate of 10% on rent collected, no other hidden fees.<\/p> <p>If you are interested to find out a bit more how we can let you enjoy your rental business profits while we take the problems off your shoulders, please do not hesitate to contact us on <a href=\"tel:01482588888\">01482588888<\/a> or Lukasz personally on <a href=\"tel:07521211698\">07521211698<\/a>, <a href=\"mailto:lukaszrybus@gmail.com\">lukaszrybus@gmail.com<\/a> or <a href=\"mailto:lucasproperties@gmail.com\">lucasproperties@gmail.com<\/a>\u00a0<\/p> <p><a href=\"https:\/\/lucaspropertieshull.co.uk\/contact\/\"><strong>Contact form here &gt;&gt;&gt;<\/strong><\/a>\u00a0<\/p> <p style=\"text-align: center;\">Estate agents Hull | House renting | Flats to rents<\/p>","_links":{"self":[{"href":"https:\/\/lucaspropertieshull.co.uk\/ro\/wp-json\/wp\/v2\/pages\/77","targetHints":{"allow":["GET"]}}],"collection":[{"href":"https:\/\/lucaspropertieshull.co.uk\/ro\/wp-json\/wp\/v2\/pages"}],"about":[{"href":"https:\/\/lucaspropertieshull.co.uk\/ro\/wp-json\/wp\/v2\/types\/page"}],"author":[{"embeddable":true,"href":"https:\/\/lucaspropertieshull.co.uk\/ro\/wp-json\/wp\/v2\/users\/1"}],"replies":[{"embeddable":true,"href":"https:\/\/lucaspropertieshull.co.uk\/ro\/wp-json\/wp\/v2\/comments?post=77"}],"version-history":[{"count":20,"href":"https:\/\/lucaspropertieshull.co.uk\/ro\/wp-json\/wp\/v2\/pages\/77\/revisions"}],"predecessor-version":[{"id":233,"href":"https:\/\/lucaspropertieshull.co.uk\/ro\/wp-json\/wp\/v2\/pages\/77\/revisions\/233"}],"wp:attachment":[{"href":"https:\/\/lucaspropertieshull.co.uk\/ro\/wp-json\/wp\/v2\/media?parent=77"}],"curies":[{"name":"wp","href":"https:\/\/api.w.org\/{rel}","templated":true}]}}