{"id":3,"date":"2021-05-20T19:41:37","date_gmt":"2021-05-20T19:41:37","guid":{"rendered":"https:\/\/www1.sarra.co.uk\/?page_id=3"},"modified":"2022-05-24T11:23:23","modified_gmt":"2022-05-24T11:23:23","slug":"privacy-policy","status":"publish","type":"page","link":"https:\/\/lucaspropertieshull.co.uk\/pl\/privacy-policy\/","title":{"rendered":"Polityka prywatno\u015bci"},"content":{"rendered":"<!--themify_builder_content-->\n<div id=\"themify_builder_content-3\" data-postid=\"3\" class=\"themify_builder_content themify_builder_content-3 themify_builder tf_clear\">\n                    <div  data-lazy=\"1\" class=\"module_row themify_builder_row tb_vuuk757 tb_first tf_w\">\n                        <div class=\"row_inner col_align_top tb_col_count_1 tf_box tf_rel\">\n                        <div  data-lazy=\"1\" class=\"module_column tb-column col-full tb_gt5b758 first\">\n                    <!-- module text -->\n<div  class=\"module module-text tb_twdn464\" data-lazy=\"1\">\n        <div  class=\"tb_text_wrap\">\n        <h2>Kim jeste\u015bmy<\/h2>\n<p><strong class=\"privacy-policy-tutorial\">Sugerowany tekst: <\/strong>Adres naszej strony internetowej to: https:\/\/lucaspropertieshull.co.uk.<\/p>\n<h2>Uwagi<\/h2>\n<p><strong class=\"privacy-policy-tutorial\">Sugerowany tekst: <\/strong>Kiedy odwiedzaj\u0105cy zostawiaj\u0105 komentarze w witrynie, zbieramy dane pokazane w formularzu komentarzy, a tak\u017ce adres IP odwiedzaj\u0105cego i ci\u0105g agenta u\u017cytkownika przegl\u0105darki, aby pom\u00f3c w wykrywaniu spamu.<\/p>\n<p>Zanonimizowany ci\u0105g znak\u00f3w utworzony na podstawie Twojego adresu e-mail (zwany r\u00f3wnie\u017c hashem) mo\u017ce zosta\u0107 przes\u0142any do us\u0142ugi Gravatar, aby sprawdzi\u0107, czy jej u\u017cywasz. Polityka prywatno\u015bci us\u0142ugi Gravatar jest dost\u0119pna tutaj: https:\/\/automattic.com\/privacy\/. Po zatwierdzeniu Twojego komentarza Tw\u00f3j obrazek profilowy jest widoczny publicznie w kontek\u015bcie Twojego komentarza.<\/p>\n<h2>G\u0142oska bezd\u017awi\u0119czna<\/h2>\n<p><strong class=\"privacy-policy-tutorial\">Sugerowany tekst: <\/strong>Je\u015bli przesy\u0142asz obrazy do witryny, nale\u017cy unika\u0107 przesy\u0142ania obraz\u00f3w z osadzonymi danymi lokalizacji (EXIF GPS). Odwiedzaj\u0105cy witryn\u0119 mog\u0105 pobiera\u0107 i wyodr\u0119bnia\u0107 dowolne dane o lokalizacji z obraz\u00f3w w witrynie.<\/p>\n<h2>Ciasteczka<\/h2>\n<p><strong class=\"privacy-policy-tutorial\">Sugerowany tekst: <\/strong>Je\u015bli zostawisz komentarz na naszej stronie, mo\u017cesz wyrazi\u0107 zgod\u0119 na zapisywanie swojego imienia i nazwiska, adresu e-mail i strony internetowej w plikach cookie. S\u0105 one dla Twojej wygody, aby\u015b nie musia\u0142 ponownie wpisywa\u0107 swoich danych, gdy zostawisz kolejny komentarz. Te pliki cookie b\u0119d\u0105 dzia\u0142a\u0107 przez rok.<\/p>\n<p>Je\u015bli odwiedzisz nasz\u0105 stron\u0119 logowania, ustawimy tymczasowe ciasteczko w celu ustalenia, czy twoja przegl\u0105darka akceptuje ciasteczka. To ciasteczko nie zawiera \u017cadnych danych osobistych i jest wyrzucane po zamkni\u0119ciu przegl\u0105darki.<\/p>\n<p>Po zalogowaniu utworzymy r\u00f3wnie\u017c kilka plik\u00f3w cookie, aby zapisa\u0107 dane logowania i opcje wy\u015bwietlania ekranu. Pliki cookie logowania dzia\u0142aj\u0105 przez dwa dni, a pliki cookie opcji ekranu przez rok. Je\u015bli wybierzesz \u201eZapami\u0119taj mnie\u201d, Tw\u00f3j login b\u0119dzie obowi\u0105zywa\u0142 przez dwa tygodnie. Je\u015bli wylogujesz si\u0119 ze swojego konta, pliki cookie logowania zostan\u0105 usuni\u0119te.<\/p>\n<p>Je\u015bli zmodyfikujesz lub opublikujesz artyku\u0142, w Twojej przegl\u0105darce zostanie zapisane dodatkowe ciasteczko. To ciasteczko nie zawiera \u017cadnych danych osobistych, wskazuj\u0105c po prostu na identyfikator przed chwil\u0105 edytowanego artyku\u0142u. Wygasa po 1 dniu.<\/p>\n<h2>Osadzone tre\u015bci z innych witryn<\/h2>\n<p><strong class=\"privacy-policy-tutorial\">Sugerowany tekst: <\/strong>Artyku\u0142y w tej witrynie mog\u0105 zawiera\u0107 osadzone tre\u015bci (np. filmy, obrazy, artyku\u0142y itp.). Osadzone tre\u015bci z innych witryn zachowuj\u0105 si\u0119 dok\u0142adnie tak samo, jak gdyby u\u017cytkownik odwiedzi\u0142 t\u0119 inn\u0105 witryn\u0119.<\/p>\n<p>Strony te mog\u0105 gromadzi\u0107 dane o Tobie, u\u017cywa\u0107 plik\u00f3w cookie, osadza\u0107 dodatkowe \u015bledzenie stron trzecich i monitorowa\u0107 Twoj\u0105 interakcj\u0119 z t\u0105 osadzon\u0105 tre\u015bci\u0105, w tym \u015bledzi\u0107 Twoj\u0105 interakcj\u0119 z osadzon\u0105 tre\u015bci\u0105, je\u015bli masz konto i jeste\u015b zalogowany w tej witrynie.<\/p>\n<h2>Komu udost\u0119pniamy Twoje dane<\/h2>\n<p><strong class=\"privacy-policy-tutorial\">Sugerowany tekst: <\/strong>Je\u015bli poprosisz o zresetowanie has\u0142a, Tw\u00f3j adres IP zostanie do\u0142\u0105czony do wiadomo\u015bci e-mail dotycz\u0105cej resetowania.<\/p>\n<h2>Jak d\u0142ugo przechowujemy Twoje dane<\/h2>\n<p><strong class=\"privacy-policy-tutorial\">Sugerowany tekst: <\/strong>Je\u015bli zostawisz komentarz, komentarz i jego metadane zostan\u0105 zachowane bezterminowo. Dzi\u0119ki temu mo\u017cemy automatycznie rozpoznawa\u0107 i zatwierdza\u0107 wszelkie komentarze uzupe\u0142niaj\u0105ce, zamiast trzyma\u0107 je w kolejce moderacji.<\/p>\n<p>W przypadku u\u017cytkownik\u00f3w, kt\u00f3rzy zarejestruj\u0105 si\u0119 na naszej stronie internetowej (je\u015bli istniej\u0105), przechowujemy r\u00f3wnie\u017c dane osobowe, kt\u00f3re podaj\u0105 w ich profilu u\u017cytkownika. Wszyscy u\u017cytkownicy mog\u0105 zobaczy\u0107, edytowa\u0107 lub usun\u0105\u0107 swoje dane osobowe w dowolnym momencie (z wyj\u0105tkiem tego, \u017ce nie mog\u0105 zmieni\u0107 swojej nazwy u\u017cytkownika). Administratorzy serwisu r\u00f3wnie\u017c mog\u0105 przegl\u0105da\u0107 i edytowa\u0107 te informacje.<\/p>\n<h2>Jakie masz prawa do swoich danych<\/h2>\n<p><strong class=\"privacy-policy-tutorial\">Sugerowany tekst: <\/strong>Je\u015bli masz konto w tej witrynie lub zostawi\u0142e\u015b komentarze, mo\u017cesz poprosi\u0107 o otrzymanie wyeksportowanego pliku danych osobowych, kt\u00f3re posiadamy na Tw\u00f3j temat, w tym wszelkich danych, kt\u00f3re nam przekaza\u0142e\u015b. Mo\u017cesz r\u00f3wnie\u017c za\u017c\u0105da\u0107, aby\u015bmy usun\u0119li wszelkie Twoje dane osobowe, kt\u00f3re posiadamy. Nie obejmuje to \u017cadnych danych, kt\u00f3re jeste\u015bmy zobowi\u0105zani zachowa\u0107 ze wzgl\u0119d\u00f3w administracyjnych, prawnych lub bezpiecze\u0144stwa.<\/p>\n<h2>Gdzie wysy\u0142amy Twoje dane<\/h2>\n<p><strong class=\"privacy-policy-tutorial\">Sugerowany tekst: <\/strong>Komentarze go\u015bci mog\u0105 by\u0107 sprawdzane za pomoc\u0105 automatycznej us\u0142ugi wykrywania spamu.<\/p>    <\/div>\n<\/div>\n<!-- \/module text -->        <\/div>\n                        <\/div>\n        <\/div>\n        <\/div>\n<!--\/themify_builder_content-->","protected":false},"excerpt":{"rendered":"<p>Who we are Suggested text: Our website address is: https:\/\/lucaspropertieshull.co.uk. Comments Suggested text: When visitors leave comments on the site we collect the data shown in the comments form, and also the visitor\u2019s IP address and browser user agent string to help spam detection. An anonymized string created from your email address (also called a [&hellip;]<\/p>\n","protected":false},"author":1,"featured_media":0,"parent":0,"menu_order":0,"comment_status":"closed","ping_status":"open","template":"","meta":{"footnotes":""},"class_list":["post-3","page","type-page","status-publish","hentry","has-post-title","has-post-date","has-post-category","has-post-tag","has-post-comment","has-post-author",""],"builder_content":"<h2>Who we are<\/h2> <p><strong>Suggested text: <\/strong>Our website address is: https:\/\/lucaspropertieshull.co.uk.<\/p> <h2>Comments<\/h2> <p><strong>Suggested text: <\/strong>When visitors leave comments on the site we collect the data shown in the comments form, and also the visitor\u2019s IP address and browser user agent string to help spam detection.<\/p> <p>An anonymized string created from your email address (also called a hash) may be provided to the Gravatar service to see if you are using it. The Gravatar service privacy policy is available here: https:\/\/automattic.com\/privacy\/. After approval of your comment, your profile picture is visible to the public in the context of your comment.<\/p> <h2>Media<\/h2> <p><strong>Suggested text: <\/strong>If you upload images to the website, you should avoid uploading images with embedded location data (EXIF GPS) included. Visitors to the website can download and extract any location data from images on the website.<\/p> <h2>Cookies<\/h2> <p><strong>Suggested text: <\/strong>If you leave a comment on our site you may opt-in to saving your name, email address and website in cookies. These are for your convenience so that you do not have to fill in your details again when you leave another comment. These cookies will last for one year.<\/p> <p>If you visit our login page, we will set a temporary cookie to determine if your browser accepts cookies. This cookie contains no personal data and is discarded when you close your browser.<\/p> <p>When you log in, we will also set up several cookies to save your login information and your screen display choices. Login cookies last for two days, and screen options cookies last for a year. If you select \u201cRemember Me\u201d, your login will persist for two weeks. If you log out of your account, the login cookies will be removed.<\/p> <p>If you edit or publish an article, an additional cookie will be saved in your browser. This cookie includes no personal data and simply indicates the post ID of the article you just edited. It expires after 1 day.<\/p> <h2>Embedded content from other websites<\/h2> <p><strong>Suggested text: <\/strong>Articles on this site may include embedded content (e.g. videos, images, articles, etc.). Embedded content from other websites behaves in the exact same way as if the visitor has visited the other website.<\/p> <p>These websites may collect data about you, use cookies, embed additional third-party tracking, and monitor your interaction with that embedded content, including tracking your interaction with the embedded content if you have an account and are logged in to that website.<\/p> <h2>Who we share your data with<\/h2> <p><strong>Suggested text: <\/strong>If you request a password reset, your IP address will be included in the reset email.<\/p> <h2>How long we retain your data<\/h2> <p><strong>Suggested text: <\/strong>If you leave a comment, the comment and its metadata are retained indefinitely. This is so we can recognize and approve any follow-up comments automatically instead of holding them in a moderation queue.<\/p> <p>For users that register on our website (if any), we also store the personal information they provide in their user profile. All users can see, edit, or delete their personal information at any time (except they cannot change their username). Website administrators can also see and edit that information.<\/p> <h2>What rights you have over your data<\/h2> <p><strong>Suggested text: <\/strong>If you have an account on this site, or have left comments, you can request to receive an exported file of the personal data we hold about you, including any data you have provided to us. You can also request that we erase any personal data we hold about you. This does not include any data we are obliged to keep for administrative, legal, or security purposes.<\/p> <h2>Where we send your data<\/h2> <p><strong>Suggested text: <\/strong>Visitor comments may be checked through an automated spam detection service.<\/p>","_links":{"self":[{"href":"https:\/\/lucaspropertieshull.co.uk\/pl\/wp-json\/wp\/v2\/pages\/3","targetHints":{"allow":["GET"]}}],"collection":[{"href":"https:\/\/lucaspropertieshull.co.uk\/pl\/wp-json\/wp\/v2\/pages"}],"about":[{"href":"https:\/\/lucaspropertieshull.co.uk\/pl\/wp-json\/wp\/v2\/types\/page"}],"author":[{"embeddable":true,"href":"https:\/\/lucaspropertieshull.co.uk\/pl\/wp-json\/wp\/v2\/users\/1"}],"replies":[{"embeddable":true,"href":"https:\/\/lucaspropertieshull.co.uk\/pl\/wp-json\/wp\/v2\/comments?post=3"}],"version-history":[{"count":4,"href":"https:\/\/lucaspropertieshull.co.uk\/pl\/wp-json\/wp\/v2\/pages\/3\/revisions"}],"predecessor-version":[{"id":210,"href":"https:\/\/lucaspropertieshull.co.uk\/pl\/wp-json\/wp\/v2\/pages\/3\/revisions\/210"}],"wp:attachment":[{"href":"https:\/\/lucaspropertieshull.co.uk\/pl\/wp-json\/wp\/v2\/media?parent=3"}],"curies":[{"name":"wp","href":"https:\/\/api.w.org\/{rel}","templated":true}]}}